{"id":1536,"date":"2024-09-26T06:00:58","date_gmt":"2024-09-26T05:00:58","guid":{"rendered":"https:\/\/missolucionesrapidas.com\/?page_id=1536"},"modified":"2024-09-26T06:03:20","modified_gmt":"2024-09-26T05:03:20","slug":"politica-de-privacidad","status":"publish","type":"page","link":"https:\/\/missolucionesrapidas.com\/fr\/politica-de-privacidad\/","title":{"rendered":"politique de confidentialit\u00e9"},"content":{"rendered":"<div data-elementor-type=\"wp-page\" data-elementor-id=\"1536\" class=\"elementor elementor-1536\" data-elementor-post-type=\"page\">\n\t\t\t\t<div class=\"elementor-element elementor-element-95a375a e-flex e-con-boxed e-con e-parent\" data-id=\"95a375a\" data-element_type=\"container\" data-settings=\"{&quot;background_background&quot;:&quot;classic&quot;}\">\n\t\t\t\t\t<div class=\"e-con-inner\">\n\t\t\t\t<div class=\"elementor-element elementor-element-4d245ef elementor-widget elementor-widget-text-editor\" data-id=\"4d245ef\" data-element_type=\"widget\" data-widget_type=\"text-editor.default\">\n\t\t\t\t<div class=\"elementor-widget-container\">\n\t\t\t\t\t\t\t\t\t<p data-pm-slice=\"1 1 []\">Cette politique de confidentialit\u00e9 constitue, avec les r\u00e8gles de participation et les mentions l\u00e9gales, le cadre juridique qui r\u00e9git l&#039;utilisation du site Internet. <strong><a href=\"https:\/\/missolucionesrapidas.com\/fr\/\">https:\/\/missolucionesrapidas.com<\/a><\/strong><mark data-color=\"#F5EAC0\">.<\/mark> Cette politique de confidentialit\u00e9 r\u00e9git sp\u00e9cifiquement l&#039;utilisation et le traitement que LA SOCI\u00c9T\u00c9 accorde \u00e0 vos donn\u00e9es personnelles en tant qu&#039;utilisateur du site Web, puisqu&#039;en acc\u00e9dant \u00e0 ce site Web, vous devenez un utilisateur de ce site Web (ci-apr\u00e8s, l&#039;\u00ab Utilisateur \u00bb).<\/p><p><strong>Ce site Web appartient \u00e0\u00a0:<\/strong><\/p><p><mark data-color=\"#F5EAC0\"><span style=\"font-weight: 400;\">DAVID GOMEZ OCA\u00d1A<\/span>, dont le si\u00e8ge social est situ\u00e9 \u00e0 <span style=\"font-size: 16px;\">Carrer des Jondal, 13, \u00c9TAGE 1 PORTE 3 <\/span><span style=\"font-size: 16px;\">07800 Ibiza, \u00celes Bal\u00e9ares<\/span> et CAF\u00a0: <span style=\"font-weight: 400;\">31868305B<\/span> ,<\/mark> ci-apr\u00e8s la SOCI\u00c9T\u00c9.<\/p><p>\u00a0Sur le site Web, vous trouverez cette politique de confidentialit\u00e9 en catalan \u00e0 votre disposition afin que vous puissiez la consulter, l&#039;archiver ou l&#039;imprimer \u00e0 tout moment. Il peut varier dans le temps en raison de modifications apport\u00e9es au site Web, d&#039;\u00e9volutions l\u00e9gislatives ou jurisprudentielles, de nouveaux crit\u00e8res de l&#039;Agence espagnole de protection des donn\u00e9es ou de nouvelles r\u00e9glementations europ\u00e9ennes qui nous obligent \u00e0 effectuer des modifications futures. Par cons\u00e9quent, la SOCI\u00c9T\u00c9 se r\u00e9serve le droit de modifier cette politique de confidentialit\u00e9 et recommande de lire attentivement la politique de confidentialit\u00e9 chaque fois que vous acc\u00e9dez au site Web.<\/p><p><strong>Confidentialit\u00e9<\/strong><br \/>LA SOCI\u00c9T\u00c9 s&#039;engage \u00e0 respecter son obligation de secret des donn\u00e9es personnelles et le devoir de les garder confidentielles et adopte les mesures n\u00e9cessaires pour emp\u00eacher leur alt\u00e9ration, perte, traitement ou acc\u00e8s non autoris\u00e9, en tenant compte \u00e0 tout moment de l&#039;\u00e9tat de la technologie.<\/p><p><strong>S\u00e9curit\u00e9 des donn\u00e9es<br \/><\/strong>LA SOCI\u00c9T\u00c9 garantit l&#039;adoption des mesures appropri\u00e9es pour assurer le traitement confidentiel de ces donn\u00e9es. A ce titre, elle a mis en \u0153uvre toutes les mesures de s\u00e9curit\u00e9 techniques et organisationnelles n\u00e9cessaires pour garantir l&#039;int\u00e9grit\u00e9, la confidentialit\u00e9 et la disponibilit\u00e9 des donn\u00e9es personnelles fournies par l&#039;utilisateur, notamment celles pr\u00e9vues par le RGDP (R\u00e8glement G\u00e9n\u00e9ral sur la Protection des Donn\u00e9es \u2013 UE 2016\/). 679, du 27 avril), qui a \u00e9largi le champ d&#039;application de la loi organique 15\/1999, du 13 d\u00e9cembre, sur la protection des donn\u00e9es personnelles (LOPD) et de son r\u00e8glement de d\u00e9veloppement RD 1720\/2007.<\/p><p><strong>Protection des donn\u00e9es personnelles<br \/><\/strong>Les donn\u00e9es personnelles fournies volontairement seront trait\u00e9es de mani\u00e8re confidentielle, sous la protection et les sp\u00e9cifications contenues dans la r\u00e9glementation en vigueur, et seront collect\u00e9es dans un fichier d\u00fbment enregistr\u00e9 aupr\u00e8s de l&#039;Agence de protection des donn\u00e9es, dont L&#039;ENTREPRISE est responsable, et dont la finalit\u00e9 est la gestion de utilisateurs et abonn\u00e9s, ainsi que la vente en ligne de produits et la r\u00e9solution de requ\u00eates.<\/p><p>La base juridique du traitement des donn\u00e9es est le consentement de l&#039;abonn\u00e9. Nous traitons les donn\u00e9es personnelles des personnes inscrites \u00e0 la newsletter dans le but exclusif de leur envoyer notre newsletter. Nous traitons les donn\u00e9es personnelles des utilisateurs enregistr\u00e9s et des abonn\u00e9s payants dans le seul but de g\u00e9rer leur relation avec L&#039;ENTREPRISE, de collecter les frais (le cas \u00e9ch\u00e9ant), d&#039;organiser des activit\u00e9s et des campagnes et d&#039;envoyer des communications informatives et commerciales (\u00e9galement par voie \u00e9lectronique).<\/p><p>Les donn\u00e9es personnelles ne seront pas c\u00e9d\u00e9es \u00e0 des tiers (sauf obligation l\u00e9gale) et seront conserv\u00e9es pendant une dur\u00e9e de six (6) ans conform\u00e9ment \u00e0 la r\u00e9glementation comptable en vigueur et, le cas \u00e9ch\u00e9ant, pendant dix (10) ans selon la r\u00e9glementation de pr\u00e9vention. blanchiment d&#039;argent.<\/p><p>L&#039;utilisateur peut acc\u00e9der aux donn\u00e9es personnelles, ainsi que demander la rectification de donn\u00e9es inexactes ou, le cas \u00e9ch\u00e9ant, demander l&#039;annulation ou la suppression lorsque les donn\u00e9es ne sont plus n\u00e9cessaires aux finalit\u00e9s collect\u00e9es. Vous pouvez \u00e9galement demander la limitation, la portabilit\u00e9 et l&#039;opposition au traitement de vos donn\u00e9es, dans certaines circonstances et pour des raisons li\u00e9es \u00e0 votre situation particuli\u00e8re.<\/p><p>Vous pouvez r\u00e9voquer votre consentement \u00e0 l&#039;envoi de communications commerciales et exercer les droits mentionn\u00e9s ci-dessus, en envoyant un e-mail \u00e0 <a href=\"mailto:info@missolucionesrapidas.com\">info@missolucionesrapidas.com<\/a> soit en \u00e9crivant au responsable du dossier situ\u00e9 \u00e0 l&#039;adresse sociale de LA SOCI\u00c9T\u00c9 par courrier ordinaire, dans les deux cas avec la r\u00e9f\u00e9rence : \u00ab Protection des Donn\u00e9es \u00bb, au moyen d&#039;un document \u00e9crit sign\u00e9 \u00e0 cet effet et en joignant une copie de votre pi\u00e8ce d&#039;identit\u00e9.<\/p><p><strong>Informations sur les cookies<br \/><\/strong>Le site Internet utilise des cookies (\u00ab cookies \u00bb) dans la navigation de l&#039;utilisateur sur ses sites Internet pour faciliter la personnalisation et le confort de la navigation.<\/p><p>Un cookie est un \u00e9l\u00e9ment d&#039;information envoy\u00e9 d&#039;un serveur de page Web \u00e0 un navigateur qui peut \u00eatre renvoy\u00e9 par le navigateur lors d&#039;acc\u00e8s ult\u00e9rieurs \u00e0 ce serveur. Les \u00ab cookies \u00bb sont associ\u00e9s \u00e0 l&#039;utilisateur anonyme et \u00e0 son ordinateur et ne fournissent pas en eux-m\u00eames le nom ou le pr\u00e9nom de l&#039;utilisateur.<\/p><p>Les cookies de Google sont utilis\u00e9s sur ce site Web pour afficher des publicit\u00e9s bas\u00e9es sur des visites pr\u00e9c\u00e9dentes sur le site Web ou sur d&#039;autres sites Web qui affichent \u00e9galement des publicit\u00e9s Google. Les utilisateurs peuvent refuser le suivi \u00e0 l&#039;aide de cookies publicitaires en acc\u00e9dant \u00e0\u00a0: <a href=\"https:\/\/www.google.com\/settings\/ads\" target=\"_blank\" rel=\"noopener noreferrer nofollow\">https:\/\/www.google.com\/settings\/ads<\/a><\/p><p><strong>Type de cookies<br \/><\/strong>Cookies d&#039;enregistrement : pour identifier l&#039;utilisateur qui s&#039;est connect\u00e9.<br \/>Cookies publicitaires : Pour pouvoir proposer du contenu publicitaire li\u00e9 aux int\u00e9r\u00eats de l&#039;utilisateur, soit directement, soit par l&#039;interm\u00e9diaire de tiers appel\u00e9s Adservers.<br \/>Cookies analytiques : Pour obtenir des informations li\u00e9es \u00e0 la mesure d&#039;audience.<br \/>Cookies de g\u00e9olocalisation : Ils fournissent des informations sur la situation g\u00e9ographique de l&#039;utilisateur.<br \/>L&#039;utilisateur a la possibilit\u00e9 de configurer son navigateur pour \u00eatre inform\u00e9 de la r\u00e9ception de \u00ab cookies \u00bb, avec la possibilit\u00e9, s&#039;il le souhaite, d&#039;emp\u00eacher leur installation sur son disque dur. Toutefois, pour acc\u00e9der au site Internet, l&#039;installation de \u00ab cookies \u00bb n&#039;est pas obligatoire.<\/p><p>Selon le type de navigateur utilis\u00e9 par l&#039;utilisateur, il peut d\u00e9sactiver l&#039;utilisation de cookies dans :<\/p><p>Chrome\u00a0: Param\u00e8tres &gt; Param\u00e8tres avanc\u00e9s &gt; Confidentialit\u00e9 et s\u00e9curit\u00e9 &gt; Param\u00e8tres de contenu<br \/>Firefox : Options &gt; Confidentialit\u00e9 et s\u00e9curit\u00e9<br \/>Edge\u00a0:\u00a0Param\u00e8tres\u00a0&gt;\u00a0Param\u00e8tres avanc\u00e9s\u00a0&gt;\u00a0Confidentialit\u00e9 et services<br \/>Safari : Pr\u00e9f\u00e9rences &gt; Confidentialit\u00e9<\/p><p><strong>LSSICE<\/strong><br \/>De m\u00eame, nous vous informons que nous n&#039;utilisons pas ces donn\u00e9es pour envoyer des communications commerciales par courrier \u00e9lectronique non sollicit\u00e9es ou non express\u00e9ment et pr\u00e9alablement autoris\u00e9es par l&#039;int\u00e9ress\u00e9, comme stipul\u00e9 dans la LSSICE.<\/p><p><strong>Communications<\/strong><br \/>Pour effectuer toute notification relative au pr\u00e9sent contrat, la SOCI\u00c9T\u00c9 d\u00e9signe express\u00e9ment comme adresse celle qui figure dans ce texte et l&#039;utilisateur d\u00e9signe express\u00e9ment comme adresse celle qui figure dans le formulaire de candidature. Pour ex\u00e9cuter le contrat, vous \u00eates tenu de garder l&#039;adresse e-mail (e-mail) fournie pour les communications avec la SOCI\u00c9T\u00c9 op\u00e9rationnelle, active et mise \u00e0 jour, car c&#039;est le moyen de communication privil\u00e9gi\u00e9 (mais pas le seul). D&#039;une mani\u00e8re g\u00e9n\u00e9rale, l&#039;utilisateur s&#039;engage et est tenu de mettre \u00e0 jour en permanence ses informations personnelles et de contact ; et doit communiquer de mani\u00e8re fiable tout changement. L&#039;absence de cette communication impliquera que les notifications faites \u00e0 l&#039;adresse indiqu\u00e9e sur le formulaire seront consid\u00e9r\u00e9es comme valables.<\/p><p><strong>Nullit\u00e9 et inefficacit\u00e9 des clauses<br \/><\/strong>Si une clause de la pr\u00e9sente Politique de Confidentialit\u00e9 ainsi que de la Politique de Confidentialit\u00e9 et de la Politique de Cookies est d\u00e9clar\u00e9e totalement ou partiellement nulle ou inefficace, elle affectera uniquement ladite disposition ou la partie de celle-ci qui est nulle ou inefficace, subsistant \u00e0 tous \u00e9gards. conditions g\u00e9n\u00e9rales et que cette disposition ou la partie de celle-ci qui est affect\u00e9e par le fait de ne pas \u00eatre incluse, \u00e0 moins que, si elle est essentielle dans ces conditions g\u00e9n\u00e9rales, elle ne les affecte int\u00e9gralement.<\/p><p><strong>Loi applicable et juridiction<br \/><\/strong>Pour la r\u00e9solution de tous litiges ou probl\u00e8mes li\u00e9s \u00e0 ce site Web ou aux activit\u00e9s r\u00e9alis\u00e9es, la l\u00e9gislation espagnole s&#039;appliquera dans tous les cas, \u00e0 laquelle les parties se soumettent express\u00e9ment. Le simple fait d&#039;utiliser les services de ce site Web suppose l&#039;acceptation expresse de ladite acceptation de la juridiction espagnole.<\/p><p>De m\u00eame, et \u00e0 l&#039;exception de ce qui est exprim\u00e9 dans le paragraphe suivant, les parties concern\u00e9es conviennent que tout litige, divergence, question ou r\u00e9clamation r\u00e9sultant de l&#039;ex\u00e9cution ou de l&#039;interpr\u00e9tation des pr\u00e9sentes conditions ou des textes connexes, ou d&#039;autres textes pouvant exister sur le site Web, sera d\u00e9finitivement r\u00e9solu par soumission aux Cours et Tribunaux de Barcelone avec renonciation expresse \u00e0 toute autre juridiction ou d\u00e9marcation juridictionnelle qui pourrait \u00eatre comp\u00e9tente.<\/p><p>Le paragraphe pr\u00e9c\u00e9dent ne s&#039;applique pas dans le cas o\u00f9 l&#039;une des parties est un consommateur ou un utilisateur selon la d\u00e9finition de la r\u00e9glementation pour la protection des consommateurs et des utilisateurs (D\u00e9cret l\u00e9gislatif royal 1\/2007, du 16 novembre, qui approuve le texte consolid\u00e9 de la Loi G\u00e9n\u00e9rale pour la D\u00e9fense des Consommateurs et Utilisateurs et autres lois compl\u00e9mentaires), dans ce cas (et pour un conflit li\u00e9 et couvert par la Loi), la position d\u00e9sign\u00e9e dans ladite l\u00e9gislation s&#039;appliquera de pr\u00e9f\u00e9rence.<\/p>\t\t\t\t\t\t\t\t<\/div>\n\t\t\t\t<\/div>\n\t\t\t\t\t<\/div>\n\t\t\t\t<\/div>\n\t\t\t\t<\/div>","protected":false},"excerpt":{"rendered":"<p>Cette politique de confidentialit\u00e9 constitue, avec les r\u00e8gles de participation et les mentions l\u00e9gales, le cadre juridique qui r\u00e9git l&#039;utilisation du site https:\/\/missolucionesrapidas.com. Cette politique de confidentialit\u00e9 r\u00e9git sp\u00e9cifiquement l&#039;utilisation et le traitement que LA SOCI\u00c9T\u00c9 accorde \u00e0 vos donn\u00e9es personnelles en tant qu&#039;utilisateur du site Web, et [\u2026]<\/p>","protected":false},"author":1,"featured_media":0,"parent":0,"menu_order":0,"comment_status":"closed","ping_status":"closed","template":"","meta":{"site-sidebar-layout":"no-sidebar","site-content-layout":"page-builder","ast-site-content-layout":"full-width-container","site-content-style":"default","site-sidebar-style":"default","ast-global-header-display":"","ast-banner-title-visibility":"","ast-main-header-display":"","ast-hfb-above-header-display":"","ast-hfb-below-header-display":"","ast-hfb-mobile-header-display":"","site-post-title":"disabled","ast-breadcrumbs-content":"","ast-featured-img":"disabled","footer-sml-layout":"","theme-transparent-header-meta":"","adv-header-id-meta":"","stick-header-meta":"","header-above-stick-meta":"","header-main-stick-meta":"","header-below-stick-meta":"","astra-migrate-meta-layouts":"set","ast-page-background-enabled":"default","ast-page-background-meta":{"desktop":{"background-color":"","background-image":"","background-repeat":"repeat","background-position":"center center","background-size":"auto","background-attachment":"scroll","background-type":"","background-media":"","overlay-type":"","overlay-color":"","overlay-opacity":"","overlay-gradient":""},"tablet":{"background-color":"","background-image":"","background-repeat":"repeat","background-position":"center center","background-size":"auto","background-attachment":"scroll","background-type":"","background-media":"","overlay-type":"","overlay-color":"","overlay-opacity":"","overlay-gradient":""},"mobile":{"background-color":"","background-image":"","background-repeat":"repeat","background-position":"center center","background-size":"auto","background-attachment":"scroll","background-type":"","background-media":"","overlay-type":"","overlay-color":"","overlay-opacity":"","overlay-gradient":""}},"ast-content-background-meta":{"desktop":{"background-color":"var(--ast-global-color-5)","background-image":"","background-repeat":"repeat","background-position":"center center","background-size":"auto","background-attachment":"scroll","background-type":"","background-media":"","overlay-type":"","overlay-color":"","overlay-opacity":"","overlay-gradient":""},"tablet":{"background-color":"var(--ast-global-color-5)","background-image":"","background-repeat":"repeat","background-position":"center center","background-size":"auto","background-attachment":"scroll","background-type":"","background-media":"","overlay-type":"","overlay-color":"","overlay-opacity":"","overlay-gradient":""},"mobile":{"background-color":"var(--ast-global-color-5)","background-image":"","background-repeat":"repeat","background-position":"center center","background-size":"auto","background-attachment":"scroll","background-type":"","background-media":"","overlay-type":"","overlay-color":"","overlay-opacity":"","overlay-gradient":""}},"footnotes":""},"class_list":["post-1536","page","type-page","status-publish","hentry"],"_links":{"self":[{"href":"https:\/\/missolucionesrapidas.com\/fr\/wp-json\/wp\/v2\/pages\/1536","targetHints":{"allow":["GET"]}}],"collection":[{"href":"https:\/\/missolucionesrapidas.com\/fr\/wp-json\/wp\/v2\/pages"}],"about":[{"href":"https:\/\/missolucionesrapidas.com\/fr\/wp-json\/wp\/v2\/types\/page"}],"author":[{"embeddable":true,"href":"https:\/\/missolucionesrapidas.com\/fr\/wp-json\/wp\/v2\/users\/1"}],"replies":[{"embeddable":true,"href":"https:\/\/missolucionesrapidas.com\/fr\/wp-json\/wp\/v2\/comments?post=1536"}],"version-history":[{"count":5,"href":"https:\/\/missolucionesrapidas.com\/fr\/wp-json\/wp\/v2\/pages\/1536\/revisions"}],"predecessor-version":[{"id":1544,"href":"https:\/\/missolucionesrapidas.com\/fr\/wp-json\/wp\/v2\/pages\/1536\/revisions\/1544"}],"wp:attachment":[{"href":"https:\/\/missolucionesrapidas.com\/fr\/wp-json\/wp\/v2\/media?parent=1536"}],"curies":[{"name":"wp","href":"https:\/\/api.w.org\/{rel}","templated":true}]}}