{"id":246,"date":"2024-09-25T14:43:37","date_gmt":"2024-09-25T13:43:37","guid":{"rendered":"https:\/\/missolucionesrapidas.com\/services\/"},"modified":"2024-12-18T09:52:22","modified_gmt":"2024-12-18T07:52:22","slug":"servicios","status":"publish","type":"page","link":"https:\/\/missolucionesrapidas.com\/fr\/servicios\/","title":{"rendered":"Services"},"content":{"rendered":"<div data-elementor-type=\"wp-page\" data-elementor-id=\"246\" class=\"elementor elementor-246\" data-elementor-post-type=\"page\">\n\t\t\t\t<div class=\"elementor-element elementor-element-2a7aef3 e-flex e-con-boxed e-con e-parent\" data-id=\"2a7aef3\" data-element_type=\"container\" data-settings=\"{&quot;background_background&quot;:&quot;slideshow&quot;,&quot;background_slideshow_gallery&quot;:[{&quot;id&quot;:1726,&quot;url&quot;:&quot;https:\\\/\\\/missolucionesrapidas.com\\\/wp-content\\\/uploads\\\/2024\\\/09\\\/13.jpg&quot;},{&quot;id&quot;:1727,&quot;url&quot;:&quot;https:\\\/\\\/missolucionesrapidas.com\\\/wp-content\\\/uploads\\\/2024\\\/09\\\/16.jpg&quot;},{&quot;id&quot;:1728,&quot;url&quot;:&quot;https:\\\/\\\/missolucionesrapidas.com\\\/wp-content\\\/uploads\\\/2024\\\/09\\\/17.jpg&quot;}],&quot;background_slideshow_loop&quot;:&quot;yes&quot;,&quot;background_slideshow_slide_duration&quot;:5000,&quot;background_slideshow_slide_transition&quot;:&quot;fade&quot;,&quot;background_slideshow_transition_duration&quot;:500}\">\n\t\t\t\t\t<div class=\"e-con-inner\">\n\t\t<div class=\"elementor-element elementor-element-d3b1466 e-con-full e-flex e-con e-child\" data-id=\"d3b1466\" data-element_type=\"container\">\n\t\t\t\t<div class=\"elementor-element elementor-element-7a0f9b0 elementor-vertical-align-top elementor-widget elementor-widget-image-box\" data-id=\"7a0f9b0\" data-element_type=\"widget\" data-widget_type=\"image-box.default\">\n\t\t\t\t<div class=\"elementor-widget-container\">\n\t\t\t\t\t<div class=\"elementor-image-box-wrapper\"><div class=\"elementor-image-box-content\"><h1 class=\"elementor-image-box-title\">Services<\/h1><p class=\"elementor-image-box-description\"> Chez Mantenimiento Integral, nous sommes sp\u00e9cialis\u00e9s dans l&#039;offre d&#039;une gamme compl\u00e8te de services destin\u00e9s \u00e0 la d\u00e9tection, \u00e0 la r\u00e9paration et \u00e0 l&#039;entretien des syst\u00e8mes d&#039;eau et de climatisation.<\/p><\/div><\/div>\t\t\t\t<\/div>\n\t\t\t\t<\/div>\n\t\t\t\t<\/div>\n\t\t\t\t\t<\/div>\n\t\t\t\t<\/div>\n\t\t<div class=\"elementor-element elementor-element-bb2ea1b e-flex e-con-boxed e-con e-parent\" data-id=\"bb2ea1b\" data-element_type=\"container\">\n\t\t\t\t\t<div class=\"e-con-inner\">\n\t\t<div class=\"elementor-element elementor-element-6169a71 e-con-full e-flex e-con e-child\" data-id=\"6169a71\" data-element_type=\"container\">\n\t\t<div class=\"elementor-element elementor-element-a43bafc e-con-full e-flex e-con e-child\" data-id=\"a43bafc\" data-element_type=\"container\">\n\t\t<div class=\"elementor-element elementor-element-e52cdec e-con-full e-flex e-con e-child\" data-id=\"e52cdec\" data-element_type=\"container\">\n\t\t\t\t<div class=\"elementor-element elementor-element-964ebfa elementor-widget elementor-widget-image\" data-id=\"964ebfa\" data-element_type=\"widget\" data-widget_type=\"image.default\">\n\t\t\t\t<div class=\"elementor-widget-container\">\n\t\t\t\t\t\t\t\t\t\t\t\t\t\t\t<img fetchpriority=\"high\" decoding=\"async\" width=\"700\" height=\"500\" src=\"https:\/\/missolucionesrapidas.com\/wp-content\/uploads\/2024\/09\/18.jpg\" class=\"attachment-large size-large wp-image-1801\" alt=\"\" srcset=\"https:\/\/missolucionesrapidas.com\/wp-content\/uploads\/2024\/09\/18.jpg 700w, https:\/\/missolucionesrapidas.com\/wp-content\/uploads\/2024\/09\/18-300x214.jpg 300w, https:\/\/missolucionesrapidas.com\/wp-content\/uploads\/2024\/09\/18-18x12.jpg 18w\" sizes=\"(max-width: 700px) 100vw, 700px\" title=\"\">\t\t\t\t\t\t\t\t\t\t\t\t\t\t\t<\/div>\n\t\t\t\t<\/div>\n\t\t\t\t<div class=\"elementor-element elementor-element-9fc65dd elementor-widget elementor-widget-heading\" data-id=\"9fc65dd\" data-element_type=\"widget\" data-widget_type=\"heading.default\">\n\t\t\t\t<div class=\"elementor-widget-container\">\n\t\t\t\t\t<h4 class=\"elementor-heading-title elementor-size-default\">Entretien pr\u00e9ventif<\/h4>\t\t\t\t<\/div>\n\t\t\t\t<\/div>\n\t\t\t\t<div class=\"elementor-element elementor-element-886a630 elementor-widget elementor-widget-text-editor\" data-id=\"886a630\" data-element_type=\"widget\" data-widget_type=\"text-editor.default\">\n\t\t\t\t<div class=\"elementor-widget-container\">\n\t\t\t\t\t\t\t\t\t<p>Nous prolongeons la dur\u00e9e de vie de vos syst\u00e8mes d\u2019eau gr\u00e2ce \u00e0 un entretien r\u00e9gulier, \u00e9vitant ainsi les pannes et optimisant leurs performances.<\/p>\t\t\t\t\t\t\t\t<\/div>\n\t\t\t\t<\/div>\n\t\t\t\t<\/div>\n\t\t<div class=\"elementor-element elementor-element-39aff25 e-con-full e-flex e-con e-child\" data-id=\"39aff25\" data-element_type=\"container\">\n\t\t\t\t<div class=\"elementor-element elementor-element-568c19c elementor-widget elementor-widget-image\" data-id=\"568c19c\" data-element_type=\"widget\" data-widget_type=\"image.default\">\n\t\t\t\t<div class=\"elementor-widget-container\">\n\t\t\t\t\t\t\t\t\t\t\t\t\t\t\t<img decoding=\"async\" width=\"700\" height=\"500\" src=\"https:\/\/missolucionesrapidas.com\/wp-content\/uploads\/2024\/09\/19.jpg\" class=\"attachment-full size-full wp-image-1802\" alt=\"\" srcset=\"https:\/\/missolucionesrapidas.com\/wp-content\/uploads\/2024\/09\/19.jpg 700w, https:\/\/missolucionesrapidas.com\/wp-content\/uploads\/2024\/09\/19-300x214.jpg 300w, https:\/\/missolucionesrapidas.com\/wp-content\/uploads\/2024\/09\/19-18x12.jpg 18w\" sizes=\"(max-width: 700px) 100vw, 700px\" title=\"\">\t\t\t\t\t\t\t\t\t\t\t\t\t\t\t<\/div>\n\t\t\t\t<\/div>\n\t\t\t\t<div class=\"elementor-element elementor-element-a4284d9 elementor-widget elementor-widget-heading\" data-id=\"a4284d9\" data-element_type=\"widget\" data-widget_type=\"heading.default\">\n\t\t\t\t<div class=\"elementor-widget-container\">\n\t\t\t\t\t<h4 class=\"elementor-heading-title elementor-size-default\">Inspection et nettoyage des canalisations<\/h4>\t\t\t\t<\/div>\n\t\t\t\t<\/div>\n\t\t\t\t<div class=\"elementor-element elementor-element-37816d8 elementor-widget elementor-widget-text-editor\" data-id=\"37816d8\" data-element_type=\"widget\" data-widget_type=\"text-editor.default\">\n\t\t\t\t<div class=\"elementor-widget-container\">\n\t\t\t\t\t\t\t\t\t<p>Nous proposons des services d\u2019inspection vid\u00e9o et de nettoyage des canalisations, \u00e9liminant les blocages et garantissant un d\u00e9bit constant et efficace.<\/p>\t\t\t\t\t\t\t\t<\/div>\n\t\t\t\t<\/div>\n\t\t\t\t<\/div>\n\t\t<div class=\"elementor-element elementor-element-9c24641 e-con-full e-flex e-con e-child\" data-id=\"9c24641\" data-element_type=\"container\">\n\t\t\t\t<div class=\"elementor-element elementor-element-7d3985a elementor-widget elementor-widget-image\" data-id=\"7d3985a\" data-element_type=\"widget\" data-widget_type=\"image.default\">\n\t\t\t\t<div class=\"elementor-widget-container\">\n\t\t\t\t\t\t\t\t\t\t\t\t\t\t\t<img decoding=\"async\" src=\"https:\/\/missolucionesrapidas.com\/wp-content\/uploads\/elementor\/thumbs\/16-quod94tf3dt2u9j4ezn2ik3jaq2gytt1fbtoqr3zpk.jpg\" title=\"16\" alt=\"16\" loading=\"lazy\" \/>\t\t\t\t\t\t\t\t\t\t\t\t\t\t\t<\/div>\n\t\t\t\t<\/div>\n\t\t\t\t<div class=\"elementor-element elementor-element-55593d6 elementor-widget elementor-widget-heading\" data-id=\"55593d6\" data-element_type=\"widget\" data-widget_type=\"heading.default\">\n\t\t\t\t<div class=\"elementor-widget-container\">\n\t\t\t\t\t<h4 class=\"elementor-heading-title elementor-size-default\">Plomberie sp\u00e9cialis\u00e9e<\/h4>\t\t\t\t<\/div>\n\t\t\t\t<\/div>\n\t\t\t\t<div class=\"elementor-element elementor-element-5bdbc6e elementor-widget elementor-widget-text-editor\" data-id=\"5bdbc6e\" data-element_type=\"widget\" data-widget_type=\"text-editor.default\">\n\t\t\t\t<div class=\"elementor-widget-container\">\n\t\t\t\t\t\t\t\t\t<p>Solutions de plomberie pour installations commerciales et industrielles, ax\u00e9es sur la r\u00e9paration des fuites et l&#039;am\u00e9lioration des r\u00e9seaux d&#039;approvisionnement.<\/p>\t\t\t\t\t\t\t\t<\/div>\n\t\t\t\t<\/div>\n\t\t\t\t<\/div>\n\t\t\t\t<\/div>\n\t\t<div class=\"elementor-element elementor-element-2459345 e-con-full e-flex e-con e-child\" data-id=\"2459345\" data-element_type=\"container\">\n\t\t<div class=\"elementor-element elementor-element-94b497d e-con-full e-flex e-con e-child\" data-id=\"94b497d\" data-element_type=\"container\">\n\t\t\t\t<div class=\"elementor-element elementor-element-347d0f0 elementor-widget elementor-widget-image\" data-id=\"347d0f0\" data-element_type=\"widget\" data-widget_type=\"image.default\">\n\t\t\t\t<div class=\"elementor-widget-container\">\n\t\t\t\t\t\t\t\t\t\t\t\t\t\t\t<img decoding=\"async\" src=\"https:\/\/missolucionesrapidas.com\/wp-content\/uploads\/elementor\/thumbs\/13-quod91zwivp7vfn7vgf6t2t5ikgdbqhuexv8ax8688.jpg\" title=\"13\" alt=\"13\" loading=\"lazy\" \/>\t\t\t\t\t\t\t\t\t\t\t\t\t\t\t<\/div>\n\t\t\t\t<\/div>\n\t\t\t\t<div class=\"elementor-element elementor-element-e733ea8 elementor-widget elementor-widget-heading\" data-id=\"e733ea8\" data-element_type=\"widget\" data-widget_type=\"heading.default\">\n\t\t\t\t<div class=\"elementor-widget-container\">\n\t\t\t\t\t<h4 class=\"elementor-heading-title elementor-size-default\">R\u00e9paration des fuites dans les syst\u00e8mes de chauffage<\/h4>\t\t\t\t<\/div>\n\t\t\t\t<\/div>\n\t\t\t\t<div class=\"elementor-element elementor-element-0c4121b elementor-widget elementor-widget-text-editor\" data-id=\"0c4121b\" data-element_type=\"widget\" data-widget_type=\"text-editor.default\">\n\t\t\t\t<div class=\"elementor-widget-container\">\n\t\t\t\t\t\t\t\t\t<p>Nous d\u00e9tectons et r\u00e9parons les fuites dans les syst\u00e8mes de chauffage sans causer de dommages aux infrastructures, garantissant ainsi un fonctionnement efficace et s\u00fbr.<\/p>\t\t\t\t\t\t\t\t<\/div>\n\t\t\t\t<\/div>\n\t\t\t\t<\/div>\n\t\t<div class=\"elementor-element elementor-element-0e4237c e-con-full e-flex e-con e-child\" data-id=\"0e4237c\" data-element_type=\"container\">\n\t\t\t\t<div class=\"elementor-element elementor-element-7afae8f elementor-widget elementor-widget-image\" data-id=\"7afae8f\" data-element_type=\"widget\" data-widget_type=\"image.default\">\n\t\t\t\t<div class=\"elementor-widget-container\">\n\t\t\t\t\t\t\t\t\t\t\t\t\t\t\t<img decoding=\"async\" width=\"700\" height=\"500\" src=\"https:\/\/missolucionesrapidas.com\/wp-content\/uploads\/2021\/04\/plumbing-services.jpg\" class=\"attachment-large size-large wp-image-411\" alt=\"\" srcset=\"https:\/\/missolucionesrapidas.com\/wp-content\/uploads\/2021\/04\/plumbing-services.jpg 700w, https:\/\/missolucionesrapidas.com\/wp-content\/uploads\/2021\/04\/plumbing-services-300x214.jpg 300w, https:\/\/missolucionesrapidas.com\/wp-content\/uploads\/2021\/04\/plumbing-services-18x12.jpg 18w\" sizes=\"(max-width: 700px) 100vw, 700px\" title=\"\">\t\t\t\t\t\t\t\t\t\t\t\t\t\t\t<\/div>\n\t\t\t\t<\/div>\n\t\t\t\t<div class=\"elementor-element elementor-element-0ffc10f elementor-widget elementor-widget-heading\" data-id=\"0ffc10f\" data-element_type=\"widget\" data-widget_type=\"heading.default\">\n\t\t\t\t<div class=\"elementor-widget-container\">\n\t\t\t\t\t<h4 class=\"elementor-heading-title elementor-size-default\">D\u00e9tection des fuites d&#039;eau<\/h4>\t\t\t\t<\/div>\n\t\t\t\t<\/div>\n\t\t\t\t<div class=\"elementor-element elementor-element-c136eb6 elementor-widget elementor-widget-text-editor\" data-id=\"c136eb6\" data-element_type=\"widget\" data-widget_type=\"text-editor.default\">\n\t\t\t\t<div class=\"elementor-widget-container\">\n\t\t\t\t\t\t\t\t\t<p>Nous utilisons une technologie de pointe pour localiser avec pr\u00e9cision les fuites d\u2019eau, \u00e9vitant ainsi les dommages structurels et minimisant le gaspillage des ressources en eau.<\/p>\t\t\t\t\t\t\t\t<\/div>\n\t\t\t\t<\/div>\n\t\t\t\t<\/div>\n\t\t<div class=\"elementor-element elementor-element-50dcef3 e-con-full e-flex e-con e-child\" data-id=\"50dcef3\" data-element_type=\"container\">\n\t\t\t\t<div class=\"elementor-element elementor-element-9f1da61 elementor-widget elementor-widget-image\" data-id=\"9f1da61\" data-element_type=\"widget\" data-widget_type=\"image.default\">\n\t\t\t\t<div class=\"elementor-widget-container\">\n\t\t\t\t\t\t\t\t\t\t\t\t\t\t\t<img loading=\"lazy\" decoding=\"async\" width=\"700\" height=\"500\" src=\"https:\/\/missolucionesrapidas.com\/wp-content\/uploads\/2024\/09\/20.jpg\" class=\"attachment-large size-large wp-image-1803\" alt=\"\" srcset=\"https:\/\/missolucionesrapidas.com\/wp-content\/uploads\/2024\/09\/20.jpg 700w, https:\/\/missolucionesrapidas.com\/wp-content\/uploads\/2024\/09\/20-300x214.jpg 300w, https:\/\/missolucionesrapidas.com\/wp-content\/uploads\/2024\/09\/20-18x12.jpg 18w\" sizes=\"(max-width: 700px) 100vw, 700px\" title=\"\">\t\t\t\t\t\t\t\t\t\t\t\t\t\t\t<\/div>\n\t\t\t\t<\/div>\n\t\t\t\t<div class=\"elementor-element elementor-element-a0893ad elementor-widget elementor-widget-heading\" data-id=\"a0893ad\" data-element_type=\"widget\" data-widget_type=\"heading.default\">\n\t\t\t\t<div class=\"elementor-widget-container\">\n\t\t\t\t\t<h4 class=\"elementor-heading-title elementor-size-default\">Entretien des syst\u00e8mes CVC<\/h4>\t\t\t\t<\/div>\n\t\t\t\t<\/div>\n\t\t\t\t<div class=\"elementor-element elementor-element-692f52a elementor-widget elementor-widget-text-editor\" data-id=\"692f52a\" data-element_type=\"widget\" data-widget_type=\"text-editor.default\">\n\t\t\t\t<div class=\"elementor-widget-container\">\n\t\t\t\t\t\t\t\t\t<p>Nous garantissons l\u2019efficacit\u00e9 et la performance des syst\u00e8mes de climatisation, avec des services de maintenance qui \u00e9vitent les pannes et am\u00e9liorent l\u2019efficacit\u00e9 \u00e9nerg\u00e9tique.<\/p>\t\t\t\t\t\t\t\t<\/div>\n\t\t\t\t<\/div>\n\t\t\t\t<\/div>\n\t\t\t\t<\/div>\n\t\t<div class=\"elementor-element elementor-element-78f3939 e-con-full e-flex e-con e-child\" data-id=\"78f3939\" data-element_type=\"container\">\n\t\t<div class=\"elementor-element elementor-element-3a11c33 e-con-full e-flex e-con e-child\" data-id=\"3a11c33\" data-element_type=\"container\">\n\t\t\t\t<div class=\"elementor-element elementor-element-f0ca016 elementor-widget elementor-widget-image\" data-id=\"f0ca016\" data-element_type=\"widget\" data-widget_type=\"image.default\">\n\t\t\t\t<div class=\"elementor-widget-container\">\n\t\t\t\t\t\t\t\t\t\t\t\t\t\t\t<img decoding=\"async\" src=\"https:\/\/missolucionesrapidas.com\/wp-content\/uploads\/elementor\/thumbs\/IMG_20241216_181121_136-qyohz5gk30qi48sqjqck7ql4la4pc93xvvkd9lrb7s.webp\" title=\"IMG_20241216_181121_136\" alt=\"Descalcificaci\u00f3n y limpieza de circuitos hidr\u00e1ulicos\" loading=\"lazy\" \/>\t\t\t\t\t\t\t\t\t\t\t\t\t\t\t<\/div>\n\t\t\t\t<\/div>\n\t\t\t\t<div class=\"elementor-element elementor-element-5dee4d2 elementor-widget elementor-widget-heading\" data-id=\"5dee4d2\" data-element_type=\"widget\" data-widget_type=\"heading.default\">\n\t\t\t\t<div class=\"elementor-widget-container\">\n\t\t\t\t\t<h4 class=\"elementor-heading-title elementor-size-default\">D\u00e9tartrage et nettoyage des circuits hydrauliques<\/h4>\t\t\t\t<\/div>\n\t\t\t\t<\/div>\n\t\t\t\t<div class=\"elementor-element elementor-element-bfd6ba2 elementor-widget elementor-widget-text-editor\" data-id=\"bfd6ba2\" data-element_type=\"widget\" data-widget_type=\"text-editor.default\">\n\t\t\t\t<div class=\"elementor-widget-container\">\n\t\t\t\t\t\t\t\t\t<p>Nous \u00e9liminons les d\u00e9p\u00f4ts de calcaire et autres r\u00e9sidus dans les syst\u00e8mes de chauffage, les chauffages au sol, les chaudi\u00e8res, les accumulateurs et les chauffe-eau \u00e9lectriques, garantissant ainsi des performances optimales et une dur\u00e9e de vie plus longue des \u00e9quipements.<\/p>\t\t\t\t\t\t\t\t<\/div>\n\t\t\t\t<\/div>\n\t\t\t\t<\/div>\n\t\t\t\t<\/div>\n\t\t\t\t<div class=\"elementor-element elementor-element-34b0d93 elementor-align-center elementor-widget elementor-widget-button\" data-id=\"34b0d93\" data-element_type=\"widget\" data-widget_type=\"button.default\">\n\t\t\t\t<div class=\"elementor-widget-container\">\n\t\t\t\t\t\t\t\t\t<div class=\"elementor-button-wrapper\">\n\t\t\t\t\t<a class=\"elementor-button elementor-button-link elementor-size-sm\" href=\"tel:+34661815295\">\n\t\t\t\t\t\t<span class=\"elementor-button-content-wrapper\">\n\t\t\t\t\t\t<span class=\"elementor-button-icon\">\n\t\t\t\t<svg aria-hidden=\"true\" class=\"e-font-icon-svg e-fas-phone-alt\" viewbox=\"0 0 512 512\" xmlns=\"http:\/\/www.w3.org\/2000\/svg\"><path d=\"M497.39 361.8l-112-48a24 24 0 0 0-28 6.9l-49.6 60.6A370.66 370.66 0 0 1 130.6 204.11l60.6-49.6a23.94 23.94 0 0 0 6.9-28l-48-112A24.16 24.16 0 0 0 122.6.61l-104 24A24 24 0 0 0 0 48c0 256.5 207.9 464 464 464a24 24 0 0 0 23.4-18.6l24-104a24.29 24.29 0 0 0-14.01-27.6z\"><\/path><\/svg>\t\t\t<\/span>\n\t\t\t\t\t\t\t\t\t<span class=\"elementor-button-text\">Appelez-nous au +34 661 815 295<\/span>\n\t\t\t\t\t<\/span>\n\t\t\t\t\t<\/a>\n\t\t\t\t<\/div>\n\t\t\t\t\t\t\t\t<\/div>\n\t\t\t\t<\/div>\n\t\t\t\t<\/div>\n\t\t\t\t\t<\/div>\n\t\t\t\t<\/div>\n\t\t\t\t<\/div>","protected":false},"excerpt":{"rendered":"<p>Services Chez Mantenimiento Integral, nous sommes sp\u00e9cialis\u00e9s dans l&#039;offre d&#039;une gamme compl\u00e8te de services destin\u00e9s \u00e0 la d\u00e9tection, \u00e0 la r\u00e9paration et \u00e0 l&#039;entretien des syst\u00e8mes d&#039;eau et de climatisation. Entretien pr\u00e9ventif Nous prolongeons la dur\u00e9e de vie de vos syst\u00e8mes d&#039;eau gr\u00e2ce \u00e0 un entretien r\u00e9gulier, \u00e9vitant les pannes et optimisant leurs performances. Inspection et nettoyage des canalisations Nous proposons des services vid\u00e9o [\u2026]<\/p>","protected":false},"author":1,"featured_media":0,"parent":0,"menu_order":0,"comment_status":"closed","ping_status":"closed","template":"","meta":{"site-sidebar-layout":"no-sidebar","site-content-layout":"page-builder","ast-site-content-layout":"default","site-content-style":"default","site-sidebar-style":"default","ast-global-header-display":"","ast-banner-title-visibility":"","ast-main-header-display":"","ast-hfb-above-header-display":"","ast-hfb-below-header-display":"","ast-hfb-mobile-header-display":"","site-post-title":"disabled","ast-breadcrumbs-content":"","ast-featured-img":"disabled","footer-sml-layout":"","theme-transparent-header-meta":"enabled","adv-header-id-meta":"","stick-header-meta":"","header-above-stick-meta":"","header-main-stick-meta":"","header-below-stick-meta":"","astra-migrate-meta-layouts":"default","ast-page-background-enabled":"default","ast-page-background-meta":{"desktop":{"background-color":"","background-image":"","background-repeat":"repeat","background-position":"center center","background-size":"auto","background-attachment":"scroll","background-type":"","background-media":"","overlay-type":"","overlay-color":"","overlay-opacity":"","overlay-gradient":""},"tablet":{"background-color":"","background-image":"","background-repeat":"repeat","background-position":"center center","background-size":"auto","background-attachment":"scroll","background-type":"","background-media":"","overlay-type":"","overlay-color":"","overlay-opacity":"","overlay-gradient":""},"mobile":{"background-color":"","background-image":"","background-repeat":"repeat","background-position":"center center","background-size":"auto","background-attachment":"scroll","background-type":"","background-media":"","overlay-type":"","overlay-color":"","overlay-opacity":"","overlay-gradient":""}},"ast-content-background-meta":{"desktop":{"background-color":"var(--ast-global-color-5)","background-image":"","background-repeat":"repeat","background-position":"center center","background-size":"auto","background-attachment":"scroll","background-type":"","background-media":"","overlay-type":"","overlay-color":"","overlay-opacity":"","overlay-gradient":""},"tablet":{"background-color":"var(--ast-global-color-5)","background-image":"","background-repeat":"repeat","background-position":"center center","background-size":"auto","background-attachment":"scroll","background-type":"","background-media":"","overlay-type":"","overlay-color":"","overlay-opacity":"","overlay-gradient":""},"mobile":{"background-color":"var(--ast-global-color-5)","background-image":"","background-repeat":"repeat","background-position":"center center","background-size":"auto","background-attachment":"scroll","background-type":"","background-media":"","overlay-type":"","overlay-color":"","overlay-opacity":"","overlay-gradient":""}},"footnotes":""},"class_list":["post-246","page","type-page","status-publish","hentry"],"_links":{"self":[{"href":"https:\/\/missolucionesrapidas.com\/fr\/wp-json\/wp\/v2\/pages\/246","targetHints":{"allow":["GET"]}}],"collection":[{"href":"https:\/\/missolucionesrapidas.com\/fr\/wp-json\/wp\/v2\/pages"}],"about":[{"href":"https:\/\/missolucionesrapidas.com\/fr\/wp-json\/wp\/v2\/types\/page"}],"author":[{"embeddable":true,"href":"https:\/\/missolucionesrapidas.com\/fr\/wp-json\/wp\/v2\/users\/1"}],"replies":[{"embeddable":true,"href":"https:\/\/missolucionesrapidas.com\/fr\/wp-json\/wp\/v2\/comments?post=246"}],"version-history":[{"count":8,"href":"https:\/\/missolucionesrapidas.com\/fr\/wp-json\/wp\/v2\/pages\/246\/revisions"}],"predecessor-version":[{"id":1896,"href":"https:\/\/missolucionesrapidas.com\/fr\/wp-json\/wp\/v2\/pages\/246\/revisions\/1896"}],"wp:attachment":[{"href":"https:\/\/missolucionesrapidas.com\/fr\/wp-json\/wp\/v2\/media?parent=246"}],"curies":[{"name":"wp","href":"https:\/\/api.w.org\/{rel}","templated":true}]}}