{"id":1507,"date":"2024-09-26T05:54:38","date_gmt":"2024-09-26T04:54:38","guid":{"rendered":"https:\/\/missolucionesrapidas.com\/?page_id=1507"},"modified":"2024-09-26T06:05:24","modified_gmt":"2024-09-26T05:05:24","slug":"aviso-legal","status":"publish","type":"page","link":"https:\/\/missolucionesrapidas.com\/it\/aviso-legal\/","title":{"rendered":"Avviso legale"},"content":{"rendered":"<div data-elementor-type=\"wp-page\" data-elementor-id=\"1507\" class=\"elementor elementor-1507\" data-elementor-post-type=\"page\">\n\t\t\t\t<div class=\"elementor-element elementor-element-22066e1 e-flex e-con-boxed e-con e-parent\" data-id=\"22066e1\" data-element_type=\"container\" data-e-type=\"container\" data-settings=\"{&quot;background_background&quot;:&quot;classic&quot;}\">\n\t\t\t\t\t<div class=\"e-con-inner\">\n\t\t\t\t<div class=\"elementor-element elementor-element-8ed51df elementor-widget elementor-widget-text-editor\" data-id=\"8ed51df\" data-element_type=\"widget\" data-e-type=\"widget\" data-widget_type=\"text-editor.default\">\n\t\t\t\t<div class=\"elementor-widget-container\">\n\t\t\t\t\t\t\t\t\t<h3 data-pm-slice=\"1 1 []\">IDENTIT\u00c0 DEL PROPRIETARIO DEL SITO WEB<\/h3><p><strong>Nome commerciale: <span style=\"font-weight: 400;\">MANUTENZIONE COMPLETA<\/span><\/strong><\/p><p><strong>Nome dell&#039;azienda: <span style=\"font-weight: 400;\">DAVID GOMEZ OCA\u00d1A<\/span> <\/strong>(da ora in poi IL PROPRIETARIO DEL SITO)<\/p><p><strong>NIF: <span style=\"font-weight: 400;\">31868305B<\/span><\/strong><\/p><p><strong>Indirizzo: <\/strong><span style=\"font-size: 16px;\">Carrer des Jondal, 13, PIANO 1 PORTA 3 <\/span><span style=\"font-size: 16px;\">07800 Eivissa, Isole Baleari<\/span><\/p><p><strong>Telefono: <\/strong>+34<strong> <span style=\"font-weight: 400;\">661 815 295<\/span><\/strong><\/p><p><strong>e-mail:\u00a0<\/strong>info@missolucionesrapidas.com<\/p><h3>TERMINI E CONDIZIONI LEGALI<\/h3><p>L&#039;utilizzo di questo sito attribuisce al navigatore lo status di utente del sito, il che implica l&#039;adesione a queste condizioni nella versione pubblicata al momento in cui ne viene consentito l&#039;accesso. Pertanto, IL PROPRIETARIO DEL SITO WEB raccomanda all&#039;utente di leggerli attentamente ogni volta che accede al sito web. L&#039;accesso a determinati contenuti offerti attraverso questo sito web pu\u00f2 essere soggetto ad alcune condizioni specifiche che, a seconda dei casi, sostituiscono, completano e\/o modificano le presenti condizioni generali. Pertanto, prima di accedere e\/o utilizzare tali contenuti, l&#039;utente dovr\u00e0 leggere attentamente anche le corrispondenti condizioni particolari. IL PROPRIETARIO DEL SITO WEB pu\u00f2 alterare, in qualsiasi momento e senza preavviso, il design, la presentazione e\/o la configurazione del Sito Web, nonch\u00e9 alcuni o tutti i Contenuti, e modificare le condizioni generali e\/o le condizioni particolari richieste per l&#039;utilizzo loro. .<\/p><h3>RESPONSABILIT\u00c0 E GARANZIA DEL PROPRIETARIO DEL SITO<\/h3><p><strong>ACCESSO<\/strong><\/p><p>In generale, gli utenti potranno accedere al sito web liberamente e gratuitamente. Tuttavia, IL PROPRIETARIO DEL SITO WEB si riserva il diritto, in conformit\u00e0 con la legislazione vigente, di limitare l&#039;accesso ad alcune aree del sito web. In questi casi, come prerequisito per accedere al servizio, l&#039;Utente dovr\u00e0 registrarsi fornendo tutte le informazioni richieste, in modo aggiornato e reale (vedi privacy policy). L&#039;utilizzo della password \u00e8 personale e intrasferibile e non \u00e8 consentita la cessione, anche temporanea, a terzi. In tal senso, l&#039;Utente si impegna ad essere diligente e a mantenerlo segreto, assumendosi ogni responsabilit\u00e0 per le conseguenze della sua divulgazione a terzi.<\/p><p><strong>CONTENUTO<\/strong><\/p><p>IL PROPRIETARIO DEL SITO WEB si riserva il diritto di interrompere l&#039;accesso al suo sito web, cos\u00ec come la fornitura di uno o tutti i Contenuti forniti attraverso di esso in qualsiasi momento e senza preavviso, sia per ragioni tecniche, di sicurezza, di controllo, di manutenzione, di alimentazione guasti o qualsiasi altra causa. Questa interruzione pu\u00f2 essere temporanea o permanente, nel qual caso tale circostanza verr\u00e0 comunicata agli Utenti, i quali potrebbero subire la perdita, se applicabile, delle informazioni archiviate nei diversi servizi. Di conseguenza, IL PROPRIETARIO DEL SITO WEB non garantisce l&#039;affidabilit\u00e0, la disponibilit\u00e0 o la continuit\u00e0 del proprio sito Web o dei Contenuti, sia propri che di altri siti Web a cui \u00e8 possibile accedere tramite collegamenti, in modo che l&#039;utilizzo dello stesso da parte dell&#039;Utente sia effettuato a proprie spese e rischi, senza poter in alcun momento pretendere responsabilit\u00e0 dal PROPRIETARIO DEL SITO WEB al riguardo. IL PROPRIETARIO DEL SITO WEB non sar\u00e0 responsabile per qualsiasi tipo di danno, perdita, reclamo o spesa di qualsiasi tipo, per le Informazioni acquisite o accessibili da o attraverso il sito web, per virus informatici, per guasti operativi o per interruzioni del servizio o trasmissione o guasti alla linea. \u00c8 vietato trasmettere o inviare attraverso il sito web contenuti illegali o illeciti, virus informatici o messaggi che, in generale, pregiudichino o violino i diritti del PROPRIETARIO DEL SITO WEB o di terzi.<\/p><p><strong>PROPRIET\u00c0 INDUSTRIALE E INTELLETTUALE<\/strong><\/p><p>Questo sito web \u00e8 di propriet\u00e0 del PROPRIETARIO DEL SITO WEB. I diritti di propriet\u00e0 intellettuale e i diritti di sfruttamento e riproduzione di questo sito web, delle sue pagine, schermate, delle informazioni in esso contenute, del suo aspetto e design, nonch\u00e9 dei collegamenti stabiliti da esso ad altre pagine, sono di propriet\u00e0 esclusiva dello stesso altrimenti specificato. Tutti i nomi, i disegni e\/o i loghi che compongono questa pagina sono marchi regolarmente registrati. Qualsiasi appropriazione indebita degli stessi da parte di soggetto diverso dal legittimo titolare sar\u00e0 perseguibile ai sensi della normativa vigente. I diritti di propriet\u00e0 intellettuale e i marchi di terzi sono opportunamente evidenziati e devono essere rispettati da chiunque acceda al sito. Solo per uso personale e privato \u00e8 consentito scaricare i contenuti, copiare o stampare qualsiasi pagina di questo Sito. \u00c8 vietato riprodurre, trasmettere, modificare o eliminare le informazioni, i contenuti o gli avvisi di questo sito Web senza la previa autorizzazione scritta del PROPRIETARIO DEL SITO WEB.<\/p><h3>LEGISLAZIONE APPLICABILE<\/h3><p>Le presenti condizioni generali sono regolate dalla legislazione spagnola.<\/p><h3>POLITICA SULLA RISERVATEZZA<\/h3><p>Ai fini di quanto previsto dalla normativa vigente in materia di protezione dei dati personali, IL PROPRIETARIO DEL SITO informa che i dati personali che Lei ci fornir\u00e0 durante la navigazione sul nostro sito web saranno oggetto di un trattamento di dati sotto la responsabilit\u00e0 del PROPRIETARIO DEL SITO. , al solo scopo di poter gestire la tua richiesta. Solo se l&#039;utente ha dato il suo consenso esplicito, IL PROPRIETARIO DEL SITO WEB gli invier\u00e0 informazioni; tecnico, operativo e commerciale, con qualsiasi mezzo, inclusa la posta elettronica e\/o mezzi equivalenti, su prodotti, servizi, offerte e novit\u00e0 che riteniamo di interesse per l&#039;utente. IL PROPRIETARIO DEL SITO WEB si impegna a rispettare il proprio obbligo di riservatezza dei dati personali e il proprio obbligo di conservazione e adotter\u00e0 le misure necessarie per prevenirne l&#039;alterazione, la perdita, il trattamento o l&#039;accesso non autorizzato, tenendo conto in ogni momento dello stato della tecnologia, rispetto delle misure di sicurezza tecniche e organizzative. Infine, ti informiamo sulla possibilit\u00e0 di esercitare i tuoi diritti di accesso, rettifica, cancellazione e opposizione attraverso un modulo indirizzato all&#039;amministratore di sistema.<\/p>\t\t\t\t\t\t\t\t<\/div>\n\t\t\t\t<\/div>\n\t\t\t\t\t<\/div>\n\t\t\t\t<\/div>\n\t\t\t\t<\/div>","protected":false},"excerpt":{"rendered":"<p>IDENTIT\u00c0 DEL PROPRIETARIO DEL SITO Nome commerciale: MANTENIDAD INTEGRAL Ragione sociale: DAVID GOMEZ OCA\u00d1A (d&#039;ora in poi IL PROPRIETARIO DEL SITO) NIF: 31868305B Indirizzo: Carrer des Jondal, 13, PISO 1 PUERTA 3 07800 Eivissa, Illes Balears Telefono: +34 661 815 295 E-mail: info@missolucionesrapidas.com TERMINI E CONDIZIONI LEGALI L&#039;utilizzo di questo sito web attribuisce al navigatore [\u2026]<\/p>","protected":false},"author":1,"featured_media":0,"parent":0,"menu_order":0,"comment_status":"closed","ping_status":"closed","template":"","meta":{"site-sidebar-layout":"no-sidebar","site-content-layout":"page-builder","ast-site-content-layout":"full-width-container","site-content-style":"default","site-sidebar-style":"default","ast-global-header-display":"","ast-banner-title-visibility":"","ast-main-header-display":"","ast-hfb-above-header-display":"","ast-hfb-below-header-display":"","ast-hfb-mobile-header-display":"","site-post-title":"disabled","ast-breadcrumbs-content":"","ast-featured-img":"disabled","footer-sml-layout":"","ast-disable-related-posts":"","theme-transparent-header-meta":"","adv-header-id-meta":"","stick-header-meta":"","header-above-stick-meta":"","header-main-stick-meta":"","header-below-stick-meta":"","astra-migrate-meta-layouts":"set","ast-page-background-enabled":"default","ast-page-background-meta":{"desktop":{"background-color":"","background-image":"","background-repeat":"repeat","background-position":"center center","background-size":"auto","background-attachment":"scroll","background-type":"","background-media":"","overlay-type":"","overlay-color":"","overlay-opacity":"","overlay-gradient":""},"tablet":{"background-color":"","background-image":"","background-repeat":"repeat","background-position":"center center","background-size":"auto","background-attachment":"scroll","background-type":"","background-media":"","overlay-type":"","overlay-color":"","overlay-opacity":"","overlay-gradient":""},"mobile":{"background-color":"","background-image":"","background-repeat":"repeat","background-position":"center center","background-size":"auto","background-attachment":"scroll","background-type":"","background-media":"","overlay-type":"","overlay-color":"","overlay-opacity":"","overlay-gradient":""}},"ast-content-background-meta":{"desktop":{"background-color":"var(--ast-global-color-5)","background-image":"","background-repeat":"repeat","background-position":"center center","background-size":"auto","background-attachment":"scroll","background-type":"","background-media":"","overlay-type":"","overlay-color":"","overlay-opacity":"","overlay-gradient":""},"tablet":{"background-color":"var(--ast-global-color-5)","background-image":"","background-repeat":"repeat","background-position":"center center","background-size":"auto","background-attachment":"scroll","background-type":"","background-media":"","overlay-type":"","overlay-color":"","overlay-opacity":"","overlay-gradient":""},"mobile":{"background-color":"var(--ast-global-color-5)","background-image":"","background-repeat":"repeat","background-position":"center center","background-size":"auto","background-attachment":"scroll","background-type":"","background-media":"","overlay-type":"","overlay-color":"","overlay-opacity":"","overlay-gradient":""}},"footnotes":""},"class_list":["post-1507","page","type-page","status-publish","hentry"],"_links":{"self":[{"href":"https:\/\/missolucionesrapidas.com\/it\/wp-json\/wp\/v2\/pages\/1507","targetHints":{"allow":["GET"]}}],"collection":[{"href":"https:\/\/missolucionesrapidas.com\/it\/wp-json\/wp\/v2\/pages"}],"about":[{"href":"https:\/\/missolucionesrapidas.com\/it\/wp-json\/wp\/v2\/types\/page"}],"author":[{"embeddable":true,"href":"https:\/\/missolucionesrapidas.com\/it\/wp-json\/wp\/v2\/users\/1"}],"replies":[{"embeddable":true,"href":"https:\/\/missolucionesrapidas.com\/it\/wp-json\/wp\/v2\/comments?post=1507"}],"version-history":[{"count":5,"href":"https:\/\/missolucionesrapidas.com\/it\/wp-json\/wp\/v2\/pages\/1507\/revisions"}],"predecessor-version":[{"id":1552,"href":"https:\/\/missolucionesrapidas.com\/it\/wp-json\/wp\/v2\/pages\/1507\/revisions\/1552"}],"wp:attachment":[{"href":"https:\/\/missolucionesrapidas.com\/it\/wp-json\/wp\/v2\/media?parent=1507"}],"curies":[{"name":"parola chiave","href":"https:\/\/api.w.org\/{rel}","templated":true}]}}