{"id":1536,"date":"2024-09-26T06:00:58","date_gmt":"2024-09-26T05:00:58","guid":{"rendered":"https:\/\/missolucionesrapidas.com\/?page_id=1536"},"modified":"2024-09-26T06:03:20","modified_gmt":"2024-09-26T05:03:20","slug":"politica-de-privacidad","status":"publish","type":"page","link":"https:\/\/missolucionesrapidas.com\/it\/politica-de-privacidad\/","title":{"rendered":"politica sulla riservatezza"},"content":{"rendered":"<div data-elementor-type=\"wp-page\" data-elementor-id=\"1536\" class=\"elementor elementor-1536\" data-elementor-post-type=\"page\">\n\t\t\t\t<div class=\"elementor-element elementor-element-95a375a e-flex e-con-boxed e-con e-parent\" data-id=\"95a375a\" data-element_type=\"container\" data-settings=\"{&quot;background_background&quot;:&quot;classic&quot;}\">\n\t\t\t\t\t<div class=\"e-con-inner\">\n\t\t\t\t<div class=\"elementor-element elementor-element-4d245ef elementor-widget elementor-widget-text-editor\" data-id=\"4d245ef\" data-element_type=\"widget\" data-widget_type=\"text-editor.default\">\n\t\t\t\t<div class=\"elementor-widget-container\">\n\t\t\t\t\t\t\t\t\t<p data-pm-slice=\"1 1 []\">La presente Informativa sulla privacy costituisce, insieme alle Regole di partecipazione e all&#039;avviso legale, il quadro giuridico che regola l&#039;utilizzo del sito web. <strong><a href=\"https:\/\/missolucionesrapidas.com\/it\/\">https:\/\/missolucionesrapidas.com<\/a><\/strong><mark data-color=\"#F5EAC0\">.<\/mark> La presente Informativa sulla privacy regola specificamente l&#039;uso e il trattamento che LA SOCIET\u00c0 riserva ai tuoi dati personali come utente del sito Web, poich\u00e9 accedendo a questo sito Web diventi un utente di questo sito Web (di seguito, l&#039;&quot;Utente&quot;).<\/p><p><strong>Questo sito web \u00e8 di propriet\u00e0 di:<\/strong><\/p><p><mark data-color=\"#F5EAC0\"><span style=\"font-weight: 400;\">DAVID GOMEZ OCA\u00d1A<\/span>, con sede legale in <span style=\"font-size: 16px;\">Carrer des Jondal, 13, PIANO 1 PORTA 3 <\/span><span style=\"font-size: 16px;\">07800 Eivissa, Isole Baleari<\/span> e CIF: <span style=\"font-weight: 400;\">31868305B<\/span> ,<\/mark> di seguito la SOCIETA&#039;.<\/p><p>\u00a0Sul Sito troverai la presente Informativa sulla Privacy in catalano a tua disposizione in modo che tu possa consultarla, archiviarla o stamparla in qualsiasi momento. Pu\u00f2 variare nel tempo a seguito di modifiche al Sito, sviluppi legislativi o giurisprudenziali, o nuovi criteri dell&#039;Agenzia spagnola per la protezione dei dati o nuove normative europee che ci costringono ad apportare modifiche future. Pertanto, la SOCIET\u00c0 si riserva il diritto di modificare la presente Privacy Policy e raccomanda di leggere attentamente la Privacy Policy ogni volta che si accede al Sito.<\/p><p><strong>Riservatezza<\/strong><br \/>LA SOCIETA&#039; si impegna a rispettare il proprio obbligo di segretezza dei dati personali e il dovere di mantenerli riservati e adotta le misure necessarie per prevenirne l&#039;alterazione, la perdita, il trattamento o l&#039;accesso non autorizzato, tenendo conto in ogni momento dello stato della tecnologia.<\/p><p><strong>Sicurezza dei dati<br \/><\/strong>LA SOCIETA&#039; garantisce l&#039;adozione delle misure adeguate per garantire il trattamento confidenziale di questi dati. Per questo motivo, ha implementato tutte le misure di sicurezza tecniche e organizzative necessarie per garantire l&#039;integrit\u00e0, la riservatezza e la disponibilit\u00e0 dei dati personali forniti dall&#039;utente, in particolare quelle previste dal RGDP (Regolamento generale sulla protezione dei dati \u2013 UE 2016 \/\/). 679, del 27 aprile), che ha ampliato il campo di applicazione della Legge Organica 15\/1999, del 13 dicembre, sulla Protezione dei Dati Personali (LOPD) e il suo Regolamento di Sviluppo RD 1720\/2007.<\/p><p><strong>Protezione dei dati personali<br \/><\/strong>I dati personali forniti volontariamente saranno trattati in modo confidenziale, sotto la protezione e le specifiche contenute nella normativa vigente, e saranno raccolti in un file debitamente registrato presso l&#039;Agenzia per la protezione dei dati, di cui LA SOCIET\u00c0 \u00e8 responsabile, e il cui scopo \u00e8 la gestione di utenti e abbonati, nonch\u00e9 la vendita online di prodotti e la risoluzione di quesiti.<\/p><p>La base giuridica del trattamento dei dati \u00e8 il consenso dell\u2019abbonato. Trattiamo i dati personali degli iscritti alla newsletter al solo scopo di inviare loro la nostra newsletter. Trattiamo i dati personali degli utenti registrati e degli abbonati paganti al solo scopo di gestire il loro rapporto con LA SOCIET\u00c0, riscuotere compensi (se applicabile), organizzare attivit\u00e0 e campagne e inviare comunicazioni informative e commerciali (anche in formato elettronico).<\/p><p>I dati personali non saranno ceduti a terzi (salvo obblighi di legge) e saranno conservati per un periodo di sei (6) anni secondo le vigenti norme contabili e, ove opportuno, per dieci (10) secondo le norme di prevenzione riciclaggio di denaro.<\/p><p>L&#039;utente pu\u00f2 accedere ai dati personali, nonch\u00e9 richiedere la rettifica dei dati inesatti o, se del caso, richiederne la cancellazione o la cancellazione quando i dati non sono pi\u00f9 necessari per le finalit\u00e0 raccolte. Potrai inoltre richiedere la limitazione, la portabilit\u00e0 e l&#039;opposizione al trattamento dei tuoi dati, in determinate circostanze e per motivi legati alla tua situazione particolare.<\/p><p>Potrai revocare il consenso all&#039;invio di comunicazioni commerciali ed esercitare i diritti di cui sopra, inviando una email a <a href=\"mailto:info@missolucionesrapidas.com\">info@missolucionesrapidas.com<\/a> oppure scrivendo al responsabile del fascicolo situato presso la sede aziendale della SOCIET\u00c0 tramite posta ordinaria, in entrambi i casi con il riferimento: &quot;Protezione dei dati&quot;, attraverso un documento scritto firmato a tale scopo e allegando una copia del vostro documento d&#039;identit\u00e0.<\/p><p><strong>Informazioni sui cookie<br \/><\/strong>Il sito web utilizza i cookie (&quot;cookie&quot;) nella navigazione dell&#039;utente attraverso i suoi siti web per facilitare la personalizzazione e il comfort della navigazione.<\/p><p>Un cookie \u00e8 un&#039;informazione inviata dal server di una pagina web a un browser che pu\u00f2 essere restituita dal browser agli accessi successivi a quel server. I &quot;cookie&quot; sono associati all&#039;utente anonimo e al suo computer e non forniscono di per s\u00e9 il nome o cognome dell&#039;utente.<\/p><p>I cookie di Google vengono utilizzati su questo sito Web per visualizzare pubblicit\u00e0 basata sulle visite precedenti al sito Web o ad altri siti Web che visualizzano anche annunci Google. Gli utenti possono disattivare il tracciamento utilizzando i cookie pubblicitari accedendo a: <a href=\"https:\/\/www.google.com\/settings\/ads\" target=\"_blank\" rel=\"noopener noreferrer nofollow\">https:\/\/www.google.com\/settings\/ads<\/a><\/p><p><strong>Tipo di cookie<br \/><\/strong>Cookie di registrazione: per identificare l&#039;utente che ha effettuato l&#039;accesso.<br \/>Cookie pubblicitari: per poter offrire contenuti pubblicitari legati agli interessi dell&#039;utente, direttamente o tramite terze parti chiamate Adserver.<br \/>Cookie analitici: per ottenere informazioni relative alla misurazione dell&#039;audience.<br \/>Cookie di geolocalizzazione: forniscono informazioni sulla posizione geografica dell&#039;utente.<br \/>L&#039;utente ha la possibilit\u00e0 di configurare il proprio browser in modo da essere informato della ricezione di &quot;cookie&quot;, con la possibilit\u00e0, se lo desidera, di impedirne l&#039;installazione sul proprio disco rigido. Tuttavia, per accedere al sito l&#039;installazione dei &#039;cookie&#039; non \u00e8 obbligatoria.<\/p><p>A seconda del tipo di browser utilizzato dall&#039;utente, \u00e8 possibile disabilitare l&#039;uso dei cookie in:<\/p><p>Chrome: Impostazioni &gt; Impostazioni avanzate &gt; Privacy e sicurezza &gt; Impostazioni contenuti<br \/>Firefox: Opzioni &gt; Privacy e sicurezza<br \/>Edge: Impostazioni &gt; Impostazioni avanzate &gt; Privacy e servizi<br \/>Safari: Preferenze &gt; Privacy<\/p><p><strong>LSSICE<\/strong><br \/>Allo stesso modo, ti informiamo che non utilizziamo questi dati per inviare comunicazioni commerciali via e-mail non richieste o non espressamente e previamente autorizzate dall&#039;interessato, come previsto dalla LSSICE.<\/p><p><strong>Comunicazioni<\/strong><br \/>Per effettuare qualsiasi notifica in relazione al presente contratto, la SOCIET\u00c0 designa espressamente come suo indirizzo quello che appare in questo testo e l&#039;utente designa espressamente come suo indirizzo quello che appare nel modulo di richiesta. Per dare esecuzione al contratto, sei obbligato a mantenere operativo, attivo e aggiornato l&#039;indirizzo di posta elettronica (e-mail) fornito per le comunicazioni con la SOCIETA&#039;, in quanto costituisce il mezzo di comunicazione preferito (anche se non l&#039;unico). In generale, l&#039;utente si impegna ed \u00e8 obbligato ad aggiornare permanentemente le proprie informazioni personali e di contatto; e deve comunicare in modo affidabile eventuali modifiche. La mancata comunicazione comporter\u00e0 che le notifiche effettuate all&#039;indirizzo riportato sul modulo saranno ritenute valide.<\/p><p><strong>Nullit\u00e0 ed inefficacia delle clausole<br \/><\/strong>Qualora una qualsiasi clausola della presente Privacy Policy unitamente alla Privacy Policy e alla Cookies Policy venga dichiarata totalmente o parzialmente nulla o inefficace, ci\u00f2 pregiudicher\u00e0 solo detta disposizione o parte di essa nulla o inefficace, sussistendo a tutti gli effetti condizioni generali e di cui tale disposizione o parte di essa interessata non \u00e8 inclusa, a meno che, se essenziale nelle presenti condizioni generali, non le influenzi integralmente.<\/p><p><strong>Legge applicabile e giurisdizione<br \/><\/strong>Per la risoluzione di tutte le controversie o questioni relative a questo sito web o alle attivit\u00e0 svolte, si applicher\u00e0 in tutti i casi la legislazione spagnola, alla quale le parti si sottomettono espressamente. Il semplice fatto di utilizzare i servizi di questo sito web presuppone l&#039;accettazione esplicita di detta accettazione della giurisdizione spagnola.<\/p><p>Allo stesso modo, e ad eccezione di quanto espresso nel paragrafo seguente, le parti coinvolte convengono che qualsiasi controversia, discrepanza, questione o reclamo derivante dall&#039;esecuzione o dall&#039;interpretazione di queste condizioni o dei relativi, o di altri testi che possano esistere sul sito web, sar\u00e0 definitivamente risolta mediante sottomissione alle Corti e ai Tribunali di Barcellona con espressa rinuncia a qualsiasi altra giurisdizione o delimitazione giurisdizionale che possa essere competente.<\/p><p>Il paragrafo precedente non si applica nel caso in cui una delle parti sia un consumatore o un utente secondo la definizione delle norme per la tutela dei consumatori e degli utenti (Regio decreto legislativo 1\/2007, del 16 novembre, che approva il testo unico della Legge Generale per la Difesa dei Consumatori e degli Utenti e altre leggi complementari), in tal caso (e per un conflitto connesso e disciplinato dalla Legge) si applicherebbe preferibilmente la posizione prevista da detta legislazione.<\/p>\t\t\t\t\t\t\t\t<\/div>\n\t\t\t\t<\/div>\n\t\t\t\t\t<\/div>\n\t\t\t\t<\/div>\n\t\t\t\t<\/div>","protected":false},"excerpt":{"rendered":"<p>La presente Informativa sulla privacy costituisce, insieme alle Regole di partecipazione e all&#039;avviso legale, il quadro giuridico che regola l&#039;uso del sito web https:\/\/missolucionesrapidas.com. La presente Informativa sulla privacy regola specificamente l&#039;uso e il trattamento che LA SOCIET\u00c0 fornisce ai tuoi dati personali come utente del sito Web e [\u2026]<\/p>","protected":false},"author":1,"featured_media":0,"parent":0,"menu_order":0,"comment_status":"closed","ping_status":"closed","template":"","meta":{"site-sidebar-layout":"no-sidebar","site-content-layout":"page-builder","ast-site-content-layout":"full-width-container","site-content-style":"default","site-sidebar-style":"default","ast-global-header-display":"","ast-banner-title-visibility":"","ast-main-header-display":"","ast-hfb-above-header-display":"","ast-hfb-below-header-display":"","ast-hfb-mobile-header-display":"","site-post-title":"disabled","ast-breadcrumbs-content":"","ast-featured-img":"disabled","footer-sml-layout":"","theme-transparent-header-meta":"","adv-header-id-meta":"","stick-header-meta":"","header-above-stick-meta":"","header-main-stick-meta":"","header-below-stick-meta":"","astra-migrate-meta-layouts":"set","ast-page-background-enabled":"default","ast-page-background-meta":{"desktop":{"background-color":"","background-image":"","background-repeat":"repeat","background-position":"center center","background-size":"auto","background-attachment":"scroll","background-type":"","background-media":"","overlay-type":"","overlay-color":"","overlay-opacity":"","overlay-gradient":""},"tablet":{"background-color":"","background-image":"","background-repeat":"repeat","background-position":"center center","background-size":"auto","background-attachment":"scroll","background-type":"","background-media":"","overlay-type":"","overlay-color":"","overlay-opacity":"","overlay-gradient":""},"mobile":{"background-color":"","background-image":"","background-repeat":"repeat","background-position":"center center","background-size":"auto","background-attachment":"scroll","background-type":"","background-media":"","overlay-type":"","overlay-color":"","overlay-opacity":"","overlay-gradient":""}},"ast-content-background-meta":{"desktop":{"background-color":"var(--ast-global-color-5)","background-image":"","background-repeat":"repeat","background-position":"center center","background-size":"auto","background-attachment":"scroll","background-type":"","background-media":"","overlay-type":"","overlay-color":"","overlay-opacity":"","overlay-gradient":""},"tablet":{"background-color":"var(--ast-global-color-5)","background-image":"","background-repeat":"repeat","background-position":"center center","background-size":"auto","background-attachment":"scroll","background-type":"","background-media":"","overlay-type":"","overlay-color":"","overlay-opacity":"","overlay-gradient":""},"mobile":{"background-color":"var(--ast-global-color-5)","background-image":"","background-repeat":"repeat","background-position":"center center","background-size":"auto","background-attachment":"scroll","background-type":"","background-media":"","overlay-type":"","overlay-color":"","overlay-opacity":"","overlay-gradient":""}},"footnotes":""},"class_list":["post-1536","page","type-page","status-publish","hentry"],"_links":{"self":[{"href":"https:\/\/missolucionesrapidas.com\/it\/wp-json\/wp\/v2\/pages\/1536","targetHints":{"allow":["GET"]}}],"collection":[{"href":"https:\/\/missolucionesrapidas.com\/it\/wp-json\/wp\/v2\/pages"}],"about":[{"href":"https:\/\/missolucionesrapidas.com\/it\/wp-json\/wp\/v2\/types\/page"}],"author":[{"embeddable":true,"href":"https:\/\/missolucionesrapidas.com\/it\/wp-json\/wp\/v2\/users\/1"}],"replies":[{"embeddable":true,"href":"https:\/\/missolucionesrapidas.com\/it\/wp-json\/wp\/v2\/comments?post=1536"}],"version-history":[{"count":5,"href":"https:\/\/missolucionesrapidas.com\/it\/wp-json\/wp\/v2\/pages\/1536\/revisions"}],"predecessor-version":[{"id":1544,"href":"https:\/\/missolucionesrapidas.com\/it\/wp-json\/wp\/v2\/pages\/1536\/revisions\/1544"}],"wp:attachment":[{"href":"https:\/\/missolucionesrapidas.com\/it\/wp-json\/wp\/v2\/media?parent=1536"}],"curies":[{"name":"parola chiave","href":"https:\/\/api.w.org\/{rel}","templated":true}]}}